{"id":373,"date":"2025-03-11T09:02:58","date_gmt":"2025-03-11T09:02:58","guid":{"rendered":"http:\/\/neu.wester-mineralien.de\/?page_id=373"},"modified":"2026-03-19T06:38:19","modified_gmt":"2026-03-19T06:38:19","slug":"kontakt","status":"publish","type":"page","link":"https:\/\/wester-mineralien.de\/pl\/kontakt","title":{"rendered":"Kontakt"},"content":{"rendered":"\n\t\t<div id=\"fws_69ee7ca609942\"  data-column-margin=\"default\" data-midnight=\"light\" data-top-percent=\"10%\" data-bottom-percent=\"5%\"  class=\"wpb_row vc_row-fluid vc_row full-width-section parallax_section mobile-disable-bg-image-animation\"  style=\"padding-top: calc(100vw * 0.10); padding-bottom: calc(100vw * 0.05); \"><div class=\"row-bg-wrap\" data-bg-animation=\"zoom-out\" data-bg-animation-delay=\"\" data-bg-overlay=\"true\"><div class=\"inner-wrap row-bg-layer using-image\" ><div class=\"row-bg viewport-desktop using-image using-bg-color\" data-parallax-speed=\"medium_fast\" style=\"background-image: url(https:\/\/wester-mineralien.de\/wp-content\/uploads\/2025\/03\/BAPH_Wester_0125_3830-scaled-e1748596920128.webp); background-position: center top; background-repeat: no-repeat; background-color: #000000; \"><\/div><\/div><div class=\"row-bg-overlay row-bg-layer\" style=\"background: #0b121f; background: linear-gradient(135deg,#0b121f 0%,rgba(0,0,0,0.01) 100%);  opacity: 0.5; \"><\/div><\/div><div class=\"row_col_wrap_12 col span_12 light left\">\n\t<div  class=\"vc_col-sm-12 wpb_column column_container vc_column_container col translate_y_phone_-300px \"  data-padding-pos=\"all\" data-has-bg-color=\"false\" data-bg-color=\"\" data-bg-opacity=\"1\" data-animation=\"\" data-delay=\"0\" >\n\t\t<div class=\"vc_column-inner\" >\n\t\t\t<div class=\"wpb_wrapper\">\n\t\t\t\t<div id=\"fws_69ee7ca60a29b\" data-midnight=\"\" data-column-margin=\"10px\" class=\"wpb_row vc_row-fluid vc_row inner_row vc_row-o-equal-height vc_row-flex vc_row-o-content-bottom right_padding_15pct\"  style=\"\"><div class=\"row-bg-wrap\"> <div class=\"row-bg\" ><\/div> <\/div><div class=\"row_col_wrap_12_inner col span_12  left\">\n\t<div  class=\"vc_col-sm-12 wpb_column column_container vc_column_container col child_column right_padding_desktop_15pct right_padding_tablet_50pct right_padding_phone_15pct \"   data-padding-pos=\"all\" data-has-bg-color=\"false\" data-bg-color=\"\" data-bg-opacity=\"1\" data-animation=\"\" data-delay=\"0\" >\n\t\t<div class=\"vc_column-inner\" >\n\t\t<div class=\"wpb_wrapper\">\n\t\t\t<div class=\"nectar-split-heading \" data-align=\"default\" data-m-align=\"inherit\" data-text-effect=\"none\" data-animation-type=\"line-reveal-by-space\" data-animation-delay=\"0\" data-animation-offset=\"\" data-m-rm-animation=\"\" data-stagger=\"\" data-custom-font-size=\"false\" ><h1 >Wir sind f\u00fcr Sie da!<\/h1><\/div>\n\t\t<\/div> \n\t<\/div>\n\t<\/div> \n<\/div><\/div>\n\t\t\t<\/div> \n\t\t<\/div>\n\t<\/div> \n<\/div><\/div>\n\t\t<div id=\"fws_69ee7ca60aca0\"  data-column-margin=\"default\" data-midnight=\"dark\" data-top-percent=\"6%\" data-bottom-percent=\"6%\"  class=\"wpb_row vc_row-fluid vc_row  right_padding_10pct left_padding_10pct\"  style=\"padding-top: calc(100vw * 0.06); padding-bottom: calc(100vw * 0.06); \"><div class=\"row-bg-wrap\" data-bg-animation=\"none\" data-bg-animation-delay=\"\" data-bg-overlay=\"false\"><div class=\"inner-wrap row-bg-layer\" ><div class=\"row-bg viewport-desktop\"  style=\"\"><\/div><\/div><\/div><div class=\"row_col_wrap_12 col span_12 dark left\">\n\t<div  class=\"vc_col-sm-12 wpb_column column_container vc_column_container col no-extra-padding inherit_tablet inherit_phone \"  data-padding-pos=\"all\" data-has-bg-color=\"false\" data-bg-color=\"\" data-bg-opacity=\"1\" data-animation=\"\" data-delay=\"0\" >\n\t\t<div class=\"vc_column-inner\" >\n\t\t\t<div class=\"wpb_wrapper\">\n\t\t\t\t<div id=\"fws_69ee7ca60b16b\" data-midnight=\"\" data-column-margin=\"default\" class=\"wpb_row vc_row-fluid vc_row inner_row\"  style=\"\"><div class=\"row-bg-wrap\"> <div class=\"row-bg\" ><\/div> <\/div><div class=\"row_col_wrap_12_inner col span_12  left\">\n\t<div  class=\"vc_col-sm-12 wpb_column column_container vc_column_container col child_column no-extra-padding inherit_tablet inherit_phone \"   data-padding-pos=\"all\" data-has-bg-color=\"false\" data-bg-color=\"\" data-bg-opacity=\"1\" data-animation=\"\" data-delay=\"0\" >\n\t\t<div class=\"vc_column-inner\" >\n\t\t<div class=\"wpb_wrapper\">\n\t\t\t\n<div class=\"wpb_text_column wpb_content_element \" >\n\t<div class=\"wpb_wrapper\">\n\t\t<h4>Erz\u00e4hlen Sie uns von Ihrer Herausforderung, Ihrem Projekt oder stellen Sie uns eine Frage.<\/h4>\n\t<\/div>\n<\/div>\n\n\n\n\n\t\t<\/div> \n\t<\/div>\n\t<\/div> \n<\/div><\/div>\n<div class=\"wpcf7 no-js\" id=\"wpcf7-f371-o1\" lang=\"de-DE\" dir=\"ltr\" data-wpcf7-id=\"371\">\n<div class=\"screen-reader-response\"><p role=\"status\" aria-live=\"polite\" aria-atomic=\"true\"><\/p> <ul><\/ul><\/div>\n<form action=\"\/pl\/wp-json\/wp\/v2\/pages\/373#wpcf7-f371-o1\" method=\"post\" class=\"wpcf7-form init\" aria-label=\"Kontaktformular\" novalidate=\"novalidate\" data-status=\"init\">\n<fieldset class=\"hidden-fields-container\"><input type=\"hidden\" name=\"_wpcf7\" value=\"371\" \/><input type=\"hidden\" name=\"_wpcf7_version\" value=\"6.1.5\" \/><input type=\"hidden\" name=\"_wpcf7_locale\" value=\"de_DE\" \/><input type=\"hidden\" name=\"_wpcf7_unit_tag\" value=\"wpcf7-f371-o1\" \/><input type=\"hidden\" name=\"_wpcf7_container_post\" value=\"0\" \/><input type=\"hidden\" name=\"_wpcf7_posted_data_hash\" value=\"\" \/><input type=\"hidden\" name=\"_wpcf7cf_hidden_group_fields\" value=\"[]\" \/><input type=\"hidden\" name=\"_wpcf7cf_hidden_groups\" value=\"[]\" \/><input type=\"hidden\" name=\"_wpcf7cf_visible_groups\" value=\"[]\" \/><input type=\"hidden\" name=\"_wpcf7cf_repeaters\" value=\"[]\" \/><input type=\"hidden\" name=\"_wpcf7cf_steps\" value=\"{}\" \/><input type=\"hidden\" name=\"_wpcf7cf_options\" value=\"{&quot;form_id&quot;:371,&quot;conditions&quot;:[{&quot;then_field&quot;:&quot;-1&quot;,&quot;and_rules&quot;:[{&quot;if_field&quot;:&quot;-1&quot;,&quot;operator&quot;:&quot;equals&quot;,&quot;if_value&quot;:&quot;&quot;}]}],&quot;settings&quot;:{&quot;animation&quot;:&quot;yes&quot;,&quot;animation_intime&quot;:200,&quot;animation_outtime&quot;:200,&quot;conditions_ui&quot;:&quot;normal&quot;,&quot;notice_dismissed&quot;:false}}\" \/>\n<\/fieldset>\n<div class=\"cf7-row\">\n\t<div class=\"cf7-col\">\n\t\t<p><label> Name<br \/>\n<span class=\"wpcf7-form-control-wrap\" data-name=\"your-name\"><input size=\"40\" maxlength=\"400\" class=\"wpcf7-form-control wpcf7-text wpcf7-validates-as-required\" autocomplete=\"name\" aria-required=\"true\" aria-invalid=\"false\" value=\"\" type=\"text\" name=\"your-name\" \/><\/span> <\/label>\n\t\t<\/p>\n\t<\/div>\n\t<div class=\"cf7-col\">\n\t\t<p><label> Firma<br \/>\n<span class=\"wpcf7-form-control-wrap\" data-name=\"your-company\"><input size=\"40\" maxlength=\"400\" class=\"wpcf7-form-control wpcf7-text wpcf7-validates-as-required\" autocomplete=\"company\" aria-required=\"true\" aria-invalid=\"false\" value=\"\" type=\"text\" name=\"your-company\" \/><\/span> <\/label>\n\t\t<\/p>\n\t<\/div>\n<\/div>\n<div class=\"cf7-row\">\n\t<div class=\"cf7-col\">\n\t\t<p><label> E-Mail-Adresse<br \/>\n<span class=\"wpcf7-form-control-wrap\" data-name=\"your-email\"><input size=\"40\" maxlength=\"400\" class=\"wpcf7-form-control wpcf7-email wpcf7-validates-as-required wpcf7-text wpcf7-validates-as-email\" autocomplete=\"email\" aria-required=\"true\" aria-invalid=\"false\" value=\"\" type=\"email\" name=\"your-email\" \/><\/span> <\/label>\n\t\t<\/p>\n\t<\/div>\n\t<div class=\"cf7-col\">\n\t\t<p><label> Telefonnummer<br \/>\n<span class=\"wpcf7-form-control-wrap\" data-name=\"tel-351\"><input size=\"40\" maxlength=\"400\" class=\"wpcf7-form-control wpcf7-tel wpcf7-text wpcf7-validates-as-tel\" autocomplete=\"tel\" aria-invalid=\"false\" value=\"\" type=\"tel\" name=\"tel-351\" \/><\/span> <\/label>\n\t\t<\/p>\n\t<\/div>\n<\/div>\n<p><label> Werk<br \/>\n<span class=\"wpcf7-form-control-wrap\" data-name=\"select-912\"><select class=\"wpcf7-form-control wpcf7-select wpcf7-validates-as-required\" aria-required=\"true\" aria-invalid=\"false\" name=\"select-912\"><option value=\"Deutschland\">Deutschland<\/option><option value=\"Polen\">Polen<\/option><\/select><\/span><\/label>\n<\/p>\n<p><label>Abteilung ausw\u00e4hlen:<br \/>\n<span class=\"wpcf7-form-control-wrap\" data-name=\"department-email\"><select class=\"wpcf7-form-control wpcf7-select wpcf7-validates-as-required\" aria-required=\"true\" aria-invalid=\"false\" name=\"department-email\"><option value=\"Anfrage\">Anfrage<\/option><option value=\"Einkauf\">Einkauf<\/option><option value=\"Allgemeine Fragen\">Allgemeine Fragen<\/option><\/select><\/span><br \/>\n<\/label>\n<\/p>\n<p><label> Nachricht<br \/>\n<span class=\"wpcf7-form-control-wrap\" data-name=\"your-message\"><textarea cols=\"40\" rows=\"10\" maxlength=\"2000\" class=\"wpcf7-form-control wpcf7-textarea wpcf7-validates-as-required\" aria-required=\"true\" aria-invalid=\"false\" name=\"your-message\"><\/textarea><\/span> <\/label>\n<\/p>\n<p><input class=\"wpcf7-form-control wpcf7-submit has-spinner\" type=\"submit\" value=\"Senden\" \/>\n<\/p><input type='hidden' class='wpcf7-pum' value='{\"closepopup\":false,\"closedelay\":0,\"openpopup\":false,\"openpopup_id\":0}' \/><div class=\"wpcf7-response-output\" aria-hidden=\"true\"><\/div>\n<\/form>\n<\/div>\n\n\t\t\t<\/div> \n\t\t<\/div>\n\t<\/div> \n<\/div><\/div>\n\t\t<div id=\"fws_69ee7ca610958\"  data-column-margin=\"default\" data-midnight=\"dark\"  class=\"wpb_row vc_row-fluid vc_row  right_padding_10pct left_padding_10pct\"  style=\"padding-top: 0px; padding-bottom: 0px; \"><div class=\"row-bg-wrap\" data-bg-animation=\"none\" data-bg-animation-delay=\"\" data-bg-overlay=\"false\"><div class=\"inner-wrap row-bg-layer\" ><div class=\"row-bg viewport-desktop\"  style=\"\"><\/div><\/div><\/div><div class=\"row_col_wrap_12 col span_12 dark left\">\n\t<div  class=\"vc_col-sm-12 wpb_column column_container vc_column_container col no-extra-padding inherit_tablet inherit_phone \"  data-padding-pos=\"all\" data-has-bg-color=\"false\" data-bg-color=\"\" data-bg-opacity=\"1\" data-animation=\"\" data-delay=\"0\" >\n\t\t<div class=\"vc_column-inner\" >\n\t\t\t<div class=\"wpb_wrapper\">\n\t\t\t\t<div id=\"fws_69ee7ca610d8b\" data-midnight=\"\" data-column-margin=\"default\" class=\"wpb_row vc_row-fluid vc_row inner_row\"  style=\"\"><div class=\"row-bg-wrap\"> <div class=\"row-bg\" ><\/div> <\/div><div class=\"row_col_wrap_12_inner col span_12  left\">\n\t<div  class=\"vc_col-sm-6 wpb_column column_container vc_column_container col child_column no-extra-padding el_spacing_40px inherit_tablet inherit_phone \"   data-padding-pos=\"all\" data-has-bg-color=\"false\" data-bg-color=\"\" data-bg-opacity=\"1\" data-animation=\"\" data-delay=\"0\" >\n\t\t<div class=\"vc_column-inner\" >\n\t\t<div class=\"wpb_wrapper\">\n\t\t\t<div class=\"img-with-aniamtion-wrap  custom-size\" data-max-width=\"100%\" data-max-width-mobile=\"default\" data-shadow=\"none\" data-animation=\"none\" >\n      <div class=\"inner\">\n        <div class=\"hover-wrap\"> \n          <div class=\"hover-wrap-inner\">\n            <img loading=\"lazy\" decoding=\"async\" class=\"img-with-animation skip-lazy\" data-delay=\"0\" height=\"104\" width=\"300\" data-animation=\"none\" src=\"https:\/\/wester-mineralien.de\/wp-content\/uploads\/2025\/02\/WESTER_Logo_Wort-Bildmarke-300x104.png\" alt=\"\" srcset=\"https:\/\/wester-mineralien.de\/wp-content\/uploads\/2025\/02\/WESTER_Logo_Wort-Bildmarke-300x104.png 300w, https:\/\/wester-mineralien.de\/wp-content\/uploads\/2025\/02\/WESTER_Logo_Wort-Bildmarke-1024x356.png 1024w, https:\/\/wester-mineralien.de\/wp-content\/uploads\/2025\/02\/WESTER_Logo_Wort-Bildmarke-768x267.png 768w, https:\/\/wester-mineralien.de\/wp-content\/uploads\/2025\/02\/WESTER_Logo_Wort-Bildmarke-1536x534.png 1536w, https:\/\/wester-mineralien.de\/wp-content\/uploads\/2025\/02\/WESTER_Logo_Wort-Bildmarke-2048x712.png 2048w\" sizes=\"auto, (max-width: 300px) 100vw, 300px\" \/>\n          <\/div>\n        <\/div>\n      <\/div>\n    <\/div>\n<div class=\"wpb_text_column wpb_content_element \" >\n\t<div class=\"wpb_wrapper\">\n\t\t<div id=\"c102\" class=\"frame frame-default frame-type-text frame-layout-1\">\n<header>\n<h3 class=\"\">Deutschland<\/h3>\n<\/header>\n<\/div>\n<div id=\"c101\" class=\"frame frame-default frame-type-shortcut frame-layout-0\">\n<div id=\"c98\" class=\"frame frame-default frame-type-text frame-layout-0\">\n<p><strong>Wester Mineralien GmbH<\/strong><\/p>\n<p>Heerstra\u00dfe 41<br \/>\n53347 Alfter-Witterschlick<br \/>\nTel.: +49 (0) 228 987200<br \/>\nE-mail: <a href=\"https:\/\/www.wester-mineralien.de\/kontakt#\" data-mailto-token=\"ftbemh3ltexlTpxlmxk6fbgxktebxg7wx\" data-mailto-vector=\"-7\">sales@wester-mineralien.de<\/a><br \/>\nWeb: <a href=\"https:\/\/www.wester-mineralien.de\/\" target=\"_blank\" rel=\"noopener noreferrer\">wester-mineralien.de<\/a><\/p>\n<\/div>\n<\/div>\n<p data-start=\"147\" data-end=\"328\">Ladezeiten:<br \/>\nMontag\u2013Donnerstag: 07:00\u201314:00 Uhr<br \/>\nFreitag: 07:00\u201312:00 Uhr<br \/>\nAnlieferungen und Abholungen au\u00dferhalb dieser Zeiten<br \/>\nsind nur nach vorheriger Vereinbarung m\u00f6glich.<\/p>\n\t<\/div>\n<\/div>\n\n\n\n\n\t<div class=\"wpb_raw_code wpb_raw_html wpb_content_element\" >\n\t\t<div class=\"wpb_wrapper\">\n\t\t\t<iframe src=\"https:\/\/www.google.com\/maps\/embed?pb=!1m18!1m12!1m3!1d2527.826076609802!2d7.027608994738198!3d50.686053297249295!2m3!1f0!2f0!3f0!3m2!1i1024!2i768!4f13.1!3m3!1m2!1s0x47bf1d88a8b6138b%3A0x76f7676b98d2ec7c!2sWester%20Mineralien%20GmbH!5e0!3m2!1sde!2sde!4v1752665568401!5m2!1sde!2sde\" width=\"300\" height=\"200\" style=\"border:0;\" allowfullscreen=\"\" loading=\"lazy\" referrerpolicy=\"no-referrer-when-downgrade\"><\/iframe>\n\t\t<\/div>\n\t<\/div>\n\n\t\t<\/div> \n\t<\/div>\n\t<\/div> \n\n\t<div  class=\"vc_col-sm-6 wpb_column column_container vc_column_container col child_column no-extra-padding el_spacing_40px inherit_tablet inherit_phone \"   data-padding-pos=\"all\" data-has-bg-color=\"false\" data-bg-color=\"\" data-bg-opacity=\"1\" data-animation=\"\" data-delay=\"0\" >\n\t\t<div class=\"vc_column-inner\" >\n\t\t<div class=\"wpb_wrapper\">\n\t\t\t<div class=\"img-with-aniamtion-wrap  custom-size\" data-max-width=\"100%\" data-max-width-mobile=\"default\" data-shadow=\"none\" data-animation=\"none\" >\n      <div class=\"inner\">\n        <div class=\"hover-wrap\"> \n          <div class=\"hover-wrap-inner\">\n            <img loading=\"lazy\" decoding=\"async\" class=\"img-with-animation skip-lazy\" data-delay=\"0\" height=\"104\" width=\"300\" data-animation=\"none\" src=\"https:\/\/wester-mineralien.de\/wp-content\/uploads\/2025\/03\/WESTER_Logo_Polen_Wort-Bildmarke-Polen-300x104.webp\" alt=\"\" srcset=\"https:\/\/wester-mineralien.de\/wp-content\/uploads\/2025\/03\/WESTER_Logo_Polen_Wort-Bildmarke-Polen-300x104.webp 300w, https:\/\/wester-mineralien.de\/wp-content\/uploads\/2025\/03\/WESTER_Logo_Polen_Wort-Bildmarke-Polen-1024x356.webp 1024w, https:\/\/wester-mineralien.de\/wp-content\/uploads\/2025\/03\/WESTER_Logo_Polen_Wort-Bildmarke-Polen-768x267.webp 768w, https:\/\/wester-mineralien.de\/wp-content\/uploads\/2025\/03\/WESTER_Logo_Polen_Wort-Bildmarke-Polen-1536x534.webp 1536w, https:\/\/wester-mineralien.de\/wp-content\/uploads\/2025\/03\/WESTER_Logo_Polen_Wort-Bildmarke-Polen-2048x712.webp 2048w\" sizes=\"auto, (max-width: 300px) 100vw, 300px\" \/>\n          <\/div>\n        <\/div>\n      <\/div>\n    <\/div>\n<div class=\"wpb_text_column wpb_content_element \" >\n\t<div class=\"wpb_wrapper\">\n\t\t<div id=\"c102\" class=\"frame frame-default frame-type-text frame-layout-1\">\n<header>\n<div id=\"c82\" class=\"frame frame-default frame-type-header frame-layout-0\">\n<header>\n<h3 class=\"\">Polen<\/h3>\n<\/header>\n<\/div>\n<div id=\"c105\" class=\"frame frame-default frame-type-shortcut frame-layout-0\">\n<div id=\"c104\" class=\"frame frame-default frame-type-text frame-layout-0\">\n<p><strong>Polmineral Sp. z o.o.<\/strong><\/p>\n<p>ul. Zgierska 51<br \/>\n95-070 Aleksandr\u00f3w \u0141\u00f3dzki, Polen<\/p>\n<p>Tel.: +48 42 712 42 00<br \/>\nE-mail: <a class=\"mail\" title=\"Opens window for sending email\" href=\"https:\/\/www.wester-mineralien.de\/kontakt#\" data-mailto-token=\"ftbemh3bgyhTihefbgxkte7vhf7ie\" data-mailto-vector=\"-7\">info@polmineral.com.pl<\/a><br \/>\nWeb: <a class=\"external-link-new-window\" title=\"Opens external link in new window\" href=\"http:\/\/www.polmineral.pl\/\" target=\"_blank\" rel=\"noopener noreferrer\">polmineral.pl<\/a><\/p>\n<\/div>\n<\/div>\n<\/header>\n<\/div>\n<div id=\"c101\" class=\"frame frame-default frame-type-shortcut frame-layout-0\">\n<div><\/div>\n<div id=\"c98\" class=\"frame frame-default frame-type-text frame-layout-0\">Ladezeiten:<\/div>\n<div class=\"frame frame-default frame-type-text frame-layout-0\">Montag\u2013Freitag: 07:00\u201313:00 Uhr<\/div>\n<div class=\"frame frame-default frame-type-text frame-layout-0\">Anlieferungen und Abholungen au\u00dferhalb dieser Zeiten<\/div>\n<div class=\"frame frame-default frame-type-text frame-layout-0\">sind nur nach vorheriger Vereinbarung m\u00f6glich.<\/div>\n<\/div>\n\t<\/div>\n<\/div>\n\n\n\n\n\t<div class=\"wpb_raw_code wpb_raw_html wpb_content_element\" >\n\t\t<div class=\"wpb_wrapper\">\n\t\t\t<iframe src=\"https:\/\/www.google.com\/maps\/embed?pb=!1m18!1m12!1m3!1d2465.910938410604!2d19.314521477234173!3d51.82605738737389!2m3!1f0!2f0!3f0!3m2!1i1024!2i768!4f13.1!3m3!1m2!1s0x471bb48f531a136b%3A0xb3e079e7b4ce907a!2sPolmineral%20Sp.%20z%20o.o.%20Producent%20elektrokorundu%2C%20w%C4%99glika%20krzemu%2C%20%C5%9Brut%20staliwny!5e0!3m2!1sde!2sde!4v1752665985008!5m2!1sde!2sde\" width=\"300\" height=\"200\" style=\"border:0;\" allowfullscreen=\"\" loading=\"lazy\" referrerpolicy=\"no-referrer-when-downgrade\"><\/iframe>\n\t\t<\/div>\n\t<\/div>\n\n\t\t<\/div> \n\t<\/div>\n\t<\/div> \n\n\t<div  class=\"vc_col-sm-12 wpb_column column_container vc_column_container col child_column no-extra-padding inherit_tablet inherit_phone \"   data-padding-pos=\"all\" data-has-bg-color=\"false\" data-bg-color=\"\" data-bg-opacity=\"1\" data-animation=\"\" data-delay=\"0\" >\n\t\t<div class=\"vc_column-inner\" >\n\t\t<div class=\"wpb_wrapper\">\n\t\t\t\n\t\t<\/div> \n\t<\/div>\n\t<\/div> \n<\/div><\/div>\n\t\t\t<\/div> \n\t\t<\/div>\n\t<\/div> \n<\/div><\/div>\n\t\t<div id=\"fws_69ee7ca612678\"  data-column-margin=\"default\" data-midnight=\"dark\"  class=\"wpb_row vc_row-fluid vc_row\"  style=\"padding-top: 0px; padding-bottom: 0px; \"><div class=\"row-bg-wrap\" data-bg-animation=\"none\" data-bg-animation-delay=\"\" data-bg-overlay=\"false\"><div class=\"inner-wrap row-bg-layer\" ><div class=\"row-bg viewport-desktop\"  style=\"\"><\/div><\/div><\/div><div class=\"row_col_wrap_12 col span_12 dark left\">\n\t<div  class=\"vc_col-sm-12 wpb_column column_container vc_column_container col no-extra-padding inherit_tablet inherit_phone \"  data-padding-pos=\"all\" data-has-bg-color=\"false\" data-bg-color=\"\" data-bg-opacity=\"1\" data-animation=\"\" data-delay=\"0\" >\n\t\t<div class=\"vc_column-inner\" >\n\t\t\t<div class=\"wpb_wrapper\">\n\t\t\t\t\n\t\t<div id=\"fws_69ee7ca61345a\"  data-column-margin=\"default\" data-midnight=\"light\" data-top-percent=\"7%\" data-bottom-percent=\"7%\"  class=\"wpb_row vc_row-fluid vc_row full-width-section vc_row-o-equal-height vc_row-flex vc_row-o-content-middle\"  style=\"padding-top: calc(100vw * 0.07); padding-bottom: calc(100vw * 0.07); \"><div class=\"row-bg-wrap\" data-bg-animation=\"none\" data-bg-animation-delay=\"\" data-bg-overlay=\"true\"><div class=\"inner-wrap row-bg-layer using-image\" ><div class=\"row-bg viewport-desktop using-image\"  style=\"background-image: url(https:\/\/wester-mineralien.de\/wp-content\/uploads\/2025\/03\/BAPH_Wester_0125_1350-1-scaled.webp); background-position: center center; background-repeat: no-repeat; \"><\/div><\/div><div class=\"row-bg-overlay row-bg-layer\" style=\"background-color:#0d1328;  opacity: 0.5; \"><\/div><\/div><div class=\"row_col_wrap_12 col span_12 light left\">\n\t<div  class=\"vc_col-sm-4 wpb_column column_container vc_column_container col no-extra-padding force-tablet-text-align-left force-phone-text-align-left inherit_tablet inherit_phone \"  data-padding-pos=\"all\" data-has-bg-color=\"false\" data-bg-color=\"\" data-bg-opacity=\"1\" data-animation=\"\" data-delay=\"0\" >\n\t\t<div class=\"vc_column-inner\" >\n\t\t\t<div class=\"wpb_wrapper\">\n\t\t\t\t<div class=\"nectar-split-heading  text_direction_ltr \" data-align=\"left\" data-m-align=\"left\" data-text-effect=\"none\" data-animation-type=\"line-reveal-by-space\" data-animation-delay=\"0\" data-animation-offset=\"\" data-m-rm-animation=\"\" data-stagger=\"\" data-custom-font-size=\"false\" ><h3 >UNSERE ZERTIFIZIERUNGEN<\/h3><\/div>\n\t\t\t<\/div> \n\t\t<\/div>\n\t<\/div> \n\n\t<div  class=\"vc_col-sm-8 wpb_column column_container vc_column_container col padding-2-percent force-tablet-text-align-left force-phone-text-align-left inherit_tablet no-extra-padding_phone \"  data-padding-pos=\"left\" data-has-bg-color=\"false\" data-bg-color=\"\" data-bg-opacity=\"1\" data-animation=\"\" data-delay=\"0\" >\n\t\t<div class=\"vc_column-inner\" >\n\t\t\t<div class=\"wpb_wrapper\">\n\t\t\t\t\n<div class=\"wpb_text_column wpb_content_element  text_direction_ltr \" >\n\t<div class=\"wpb_wrapper\">\n\t\t<p style=\"text-align: left;\"><span style=\"font-weight: 400;\">Mit der ISO 9001-2015-Norm stehen wir f\u00fcr gepr\u00fcfte und verl\u00e4ssliche Standards in der Verarbeitung mineralischer K\u00f6rnungen.<\/span><\/p>\n\t<\/div>\n<\/div>\n\n\n\n\n\t\t\t<\/div> \n\t\t<\/div>\n\t<\/div> \n<\/div><\/div>\n\t\t<div id=\"fws_69ee7ca613ef5\"  data-column-margin=\"default\" data-midnight=\"light\" data-top-percent=\"7%\" data-bottom-percent=\"7%\"  class=\"wpb_row vc_row-fluid vc_row full-width-section\"  style=\"padding-top: calc(100vw * 0.07); padding-bottom: calc(100vw * 0.07); \"><div class=\"row-bg-wrap\" data-bg-animation=\"none\" data-bg-animation-delay=\"\" data-bg-overlay=\"false\"><div class=\"inner-wrap row-bg-layer\" ><div class=\"row-bg viewport-desktop using-bg-color\"  style=\"background-color: #24303c; \"><\/div><\/div><\/div><div class=\"row_col_wrap_12 col span_12 light left\">\n\t<div  class=\"vc_col-sm-2\/5 wpb_column column_container vc_column_container col no-extra-padding el_spacing_20px inherit_tablet inherit_phone \"  data-padding-pos=\"all\" data-has-bg-color=\"false\" data-bg-color=\"\" data-bg-opacity=\"1\" data-animation=\"\" data-delay=\"0\" >\n\t\t<div class=\"vc_column-inner\" >\n\t\t\t<div class=\"wpb_wrapper\">\n\t\t\t\t<div class=\"nectar-split-heading \" data-align=\"default\" data-m-align=\"inherit\" data-text-effect=\"default\" data-animation-type=\"line-reveal-by-space\" data-animation-delay=\"0\" data-animation-offset=\"\" data-m-rm-animation=\"\" data-stagger=\"\" data-custom-font-size=\"false\" ><h3 >KARRIERE<\/h3><\/div>\n<div class=\"wpb_text_column wpb_content_element \" >\n\t<div class=\"wpb_wrapper\">\n\t\t<p><strong>Werde Teil von Wester!<br \/>\n<\/strong>Als Innovationsf\u00fchrer in der Welt der Industriemineralien entwickeln wir L\u00f6sungen, die \u00fcber Standards hinausgehen. Daf\u00fcr brauchen wir kluge K\u00f6pfe, die mitdenken, mitgestalten und mit uns wachsen wollen. Werde Teil unseres Teams und bringe deine St\u00e4rken ein!<\/p>\n<p>Komm in unser Team.<\/p>\n\t<\/div>\n<\/div>\n\n\n\n\n\t<div class=\"wpb_raw_code wpb_raw_html wpb_content_element\" >\n\t\t<div class=\"wpb_wrapper\">\n\t\t\t<div class=\"custom-button-wrapper\">\n  <a href=\"https:\/\/www.wester-mineralien-karriere.de\/\" class=\"custom-button\" target=\"_blank\" rel=\"noopener\">KARRIERE<\/a>\n<\/div>\n\t\t<\/div>\n\t<\/div>\n\n\t\t\t<\/div> \n\t\t<\/div>\n\t<\/div> \n\n\t<div  class=\"vc_col-sm-1\/5 vc_hidden-sm vc_hidden-xs wpb_column column_container vc_column_container col no-extra-padding inherit_tablet inherit_phone \"  data-padding-pos=\"all\" data-has-bg-color=\"false\" data-bg-color=\"\" data-bg-opacity=\"1\" data-animation=\"\" data-delay=\"0\" >\n\t\t<div class=\"vc_column-inner\" >\n\t\t\t<div class=\"wpb_wrapper\">\n\t\t\t\t<div class=\"divider-wrap height_phone_10px \" data-alignment=\"default\"><div style=\"padding-top: 200px; padding-bottom: 200px;\"  class=\"divider-vertical nectar-bg-extra-color-1\"><\/div><\/div>\n\t\t\t<\/div> \n\t\t<\/div>\n\t<\/div> \n\n\t<div  class=\"vc_col-sm-2\/5 wpb_column column_container vc_column_container col no-extra-padding inherit_tablet inherit_phone \"  data-padding-pos=\"all\" data-has-bg-color=\"false\" data-bg-color=\"\" data-bg-opacity=\"1\" data-animation=\"\" data-delay=\"0\" >\n\t\t<div class=\"vc_column-inner\" >\n\t\t\t<div class=\"wpb_wrapper\">\n\t\t\t\t\n<div class=\"wpb_text_column wpb_content_element \" >\n\t<div class=\"wpb_wrapper\">\n\t\t<p><strong>Wester Mineralien GmbH<\/strong><br \/>\nHeerstra\u00dfe 41<br \/>\n53347 Alfter-Witterschlick<\/p>\n<p>Tel.: +49 (0) 228 987200<br \/>\ninfo@wester-mineralien.de<br \/>\nwester-mineralien.de<\/p>\n\t<\/div>\n<\/div>\n\n\n\n<div class=\"divider-wrap\" data-alignment=\"default\"><div style=\"margin-top: 12.5px; width: 20%; height: 1px; margin-bottom: 12.5px;\" data-width=\"20%\" data-animate=\"\" data-animation-delay=\"\" data-color=\"extra-color-1\" class=\"divider-small-border\"><\/div><\/div>\n<div class=\"wpb_text_column wpb_content_element \" >\n\t<div class=\"wpb_wrapper\">\n\t\t<p>\u00a92025 Wester Mineralien GmbH<br \/>\n<a href=\"https:\/\/wester-mineralien.de\/impressum\">Impressum<\/a> I <a href=\"https:\/\/wester-mineralien.de\/privacy-policy\">Datenschutz<\/a> I <a href=\"https:\/\/wester-mineralien.de\/wp-content\/uploads\/2025\/03\/AGB_Wester_Mineralien_05-21.pdf\" target=\"_blank\" rel=\"noopener\">AGB<\/a><\/p>\n\t<\/div>\n<\/div>\n\n\n\n\n\t\t\t<\/div> \n\t\t<\/div>\n\t<\/div> \n<\/div><\/div>\n\n\t\t\t<\/div> \n\t\t<\/div>\n\t<\/div> \n<\/div><\/div>\n","protected":false},"excerpt":{"rendered":"Jeste\u015bmy tu dla Ciebie! Opowiedz nam o swoim wyzwaniu, projekcie lub zadaj nam pytanie. Nazwa firmy Adres e-mail Numer telefonu Zak\u0142ad Niemcy Polska Wybierz dzia\u0142: ZapytanieZakupPytania og\u00f3lne Wiadomo\u015b\u0107...","protected":false},"author":1,"featured_media":0,"parent":0,"menu_order":0,"comment_status":"closed","ping_status":"closed","template":"","meta":{"footnotes":""},"class_list":["post-373","page","type-page","status-publish"],"_links":{"self":[{"href":"https:\/\/wester-mineralien.de\/pl\/wp-json\/wp\/v2\/pages\/373","targetHints":{"allow":["GET"]}}],"collection":[{"href":"https:\/\/wester-mineralien.de\/pl\/wp-json\/wp\/v2\/pages"}],"about":[{"href":"https:\/\/wester-mineralien.de\/pl\/wp-json\/wp\/v2\/types\/page"}],"author":[{"embeddable":true,"href":"https:\/\/wester-mineralien.de\/pl\/wp-json\/wp\/v2\/users\/1"}],"replies":[{"embeddable":true,"href":"https:\/\/wester-mineralien.de\/pl\/wp-json\/wp\/v2\/comments?post=373"}],"version-history":[{"count":17,"href":"https:\/\/wester-mineralien.de\/pl\/wp-json\/wp\/v2\/pages\/373\/revisions"}],"predecessor-version":[{"id":811,"href":"https:\/\/wester-mineralien.de\/pl\/wp-json\/wp\/v2\/pages\/373\/revisions\/811"}],"wp:attachment":[{"href":"https:\/\/wester-mineralien.de\/pl\/wp-json\/wp\/v2\/media?parent=373"}],"curies":[{"name":"wp","href":"https:\/\/api.w.org\/{rel}","templated":true}]}}