{"id":14,"date":"2025-02-24T12:42:19","date_gmt":"2025-02-24T12:42:19","guid":{"rendered":"http:\/\/neu.wester-mineralien.de\/?page_id=14"},"modified":"2025-03-28T12:23:29","modified_gmt":"2025-03-28T12:23:29","slug":"odcisk","status":"publish","type":"page","link":"https:\/\/wester-mineralien.de\/pl\/impressum","title":{"rendered":"Odcisk"},"content":{"rendered":"<div id=\"fws_69ee7e0bc6196\"  data-column-margin=\"default\" data-midnight=\"dark\"  class=\"wpb_row vc_row-fluid vc_row\"  style=\"padding-top: 0px; padding-bottom: 0px; \"><div class=\"row-bg-wrap\" data-bg-animation=\"none\" data-bg-animation-delay=\"\" data-bg-overlay=\"false\"><div class=\"inner-wrap row-bg-layer\" ><div class=\"row-bg viewport-desktop\"  style=\"\"><\/div><\/div><\/div><div class=\"row_col_wrap_12 col span_12 dark left\">\n\t<div  class=\"vc_col-sm-12 wpb_column column_container vc_column_container col no-extra-padding inherit_tablet inherit_phone\"  data-padding-pos=\"all\" data-has-bg-color=\"false\" data-bg-color=\"\" data-bg-opacity=\"1\" data-animation=\"\" data-delay=\"0\" >\n\t\t<div class=\"vc_column-inner\" >\n\t\t\t<div class=\"wpb_wrapper\">\n\t\t\t\t\n<div class=\"wpb_text_column wpb_content_element\" >\n\t<div class=\"wpb_wrapper\">\n\t\t<div id=\"c337\" class=\"frame frame-default frame-type-header frame-layout-0\">\n<header>\n<h1 class=\"\">Odcisk<\/h1>\n<h2 class=\"\">Informacje zgodnie z \u00a7 5 TMG<\/h2>\n<\/header>\n<\/div>\n<div id=\"c338\" class=\"frame frame-default frame-type-text frame-layout-0\">\n<p>Wester Mineralien GmbH<br \/>\nHeerstra\u00dfe, 41<br \/>\n53347 Alfter-Witterschlick<\/p>\n<p><strong>Rejestr handlowy:<\/strong>\u00a0HRB 5190<\/p>\n<p><strong>S\u0105d rejestrowy:<\/strong>\u00a0S\u0105d lokalny w Bonn<\/p>\n<p><strong>Reprezentowany przez:\u00a0<\/strong>Nicola Wester, Max Wester.<\/p>\n<p><strong>Kontakt<\/strong><\/p>\n<p>Telefon: +49 (228) - 987200<br \/>\ne-mail: <a href=\"https:\/\/wester-mineralien.de\/pl\/odcisk\/\" data-mailto-token=\"ftbemh3bgyhTpxlmxk6fbgxktebxg7wx\" data-mailto-vector=\"-7\">info@wester-mineralien.de<\/a><\/p>\n<p><strong>Identyfikator podatkowy sprzeda\u017cy<\/strong><\/p>\n<p>Numer identyfikacji podatkowej zgodnie z \u00a7 27 ustawy o podatku od sprzeda\u017cy:<br \/>\nPL 123379590<\/p>\n<p><strong>Odpowiedzialny za tre\u015b\u0107 zgodnie z \u00a7 55 Abs. 2 RStV<\/strong><\/p>\n<p>Nicola Wester, Max Wester<br \/>\nHeerstra\u00dfe, 41<br \/>\n53347 Alfter-Witterschlick<\/div>\n<p><strong>Odpowiedzialny za wdro\u017cenie<\/strong><\/p>\n<p>BLACK IVY GmbH<br \/>\nSpeditionstra\u00dfe 15a<br \/>\n40221 D\u00fcsseldorf<br \/>\nwww.bl-ivy.com<\/p>\n<div id=\"c341\" class=\"frame frame-default frame-type-div frame-layout-0\"><\/div>\n<div><\/div>\n<div id=\"c2911\" class=\"frame frame-default frame-type-text frame-layout-0\">\n<header>\n<h3>Rozstrzyganie spor\u00f3w w UE<\/h3>\n<\/header>\n<p>Komisja Europejska zapewnia platform\u0119 internetowego rozstrzygania spor\u00f3w (OS):<br \/>\n<a href=\"https:\/\/ec.europa.eu\/consumers\/odr\" target=\"_blank\" rel=\"noopener noreferrer\">https:\/\/ec.europa.eu\/consumers\/odr<\/a>.<\/p>\n<p>Nasz adres e-mail mo\u017cna znale\u017a\u0107 w powy\u017cszej nocie prawnej.\n<\/p><\/div>\n<div id=\"c2912\" class=\"frame frame-default frame-type-div frame-layout-0\"><\/div>\n<div id=\"c2913\" class=\"frame frame-default frame-type-text frame-layout-0\">\n<header>\n<h3>Rozstrzyganie spor\u00f3w konsumenckich\/uniwersalne centrum arbitra\u017cowe<\/h3>\n<\/header>\n<p>Nie jeste\u015bmy sk\u0142onni ani zobowi\u0105zani do udzia\u0142u w post\u0119powaniu rozstrzygaj\u0105cym spory przed komisj\u0105 arbitra\u017cow\u0105 ds. konsument\u00f3w.\n<\/p><\/div>\n<div id=\"c2914\" class=\"frame frame-default frame-type-div frame-layout-0\"><\/div>\n<div><\/div>\n<div id=\"c2915\" class=\"frame frame-default frame-type-text frame-layout-0\">\n<header>\n<h3>Odpowiedzialno\u015b\u0107 za tre\u015b\u0107<\/h3>\n<\/header>\n<p>Jako dostawca us\u0142ug jeste\u015bmy odpowiedzialni za w\u0142asne tre\u015bci na tych stronach zgodnie z \u00a7 7 (1) TMG (niemiecka ustawa o telemediach) i og\u00f3lnymi przepisami prawa. Zgodnie z \u00a7\u00a7 8 do 10 TMG, jako us\u0142ugodawca nie jeste\u015bmy jednak zobowi\u0105zani do monitorowania przekazywanych lub przechowywanych informacji os\u00f3b trzecich ani do badania okoliczno\u015bci wskazuj\u0105cych na nielegaln\u0105 dzia\u0142alno\u015b\u0107. Nie ma to wp\u0142ywu na obowi\u0105zek usuni\u0119cia lub zablokowania korzystania z informacji zgodnie z og\u00f3lnymi przepisami prawa. Odpowiedzialno\u015b\u0107 w tym zakresie jest jednak mo\u017cliwa dopiero od momentu powzi\u0119cia informacji o konkretnym naruszeniu. Gdy tylko dowiemy si\u0119 o takich naruszeniach, niezw\u0142ocznie usuniemy te tre\u015bci.\n<\/p><\/div>\n<div id=\"c2916\" class=\"frame frame-default frame-type-div frame-layout-0\"><\/div>\n<div><\/div>\n<div id=\"c2917\" class=\"frame frame-default frame-type-text frame-layout-0\">\n<header>\n<h3>Odpowiedzialno\u015b\u0107 za linki<\/h3>\n<\/header>\n<p>Nasza witryna internetowa zawiera \u0142\u0105cza do zewn\u0119trznych witryn internetowych os\u00f3b trzecich, na kt\u00f3rych tre\u015b\u0107 nie mamy wp\u0142ywu. W zwi\u0105zku z tym nie mo\u017cemy ponosi\u0107 \u017cadnej odpowiedzialno\u015bci za tre\u015bci stron trzecich. Odpowiedni dostawca lub operator stron jest zawsze odpowiedzialny za tre\u015b\u0107 stron, do kt\u00f3rych prowadz\u0105 linki. Po\u0142\u0105czone strony zosta\u0142y sprawdzone pod k\u0105tem mo\u017cliwych narusze\u0144 prawa w momencie \u0142\u0105czenia. Nielegalne tre\u015bci nie zosta\u0142y rozpoznane w momencie linkowania. Sta\u0142e monitorowanie tre\u015bci stron, do kt\u00f3rych prowadz\u0105 linki, nie jest jednak uzasadnione bez konkretnych dowod\u00f3w naruszenia prawa. Je\u015bli dowiemy si\u0119 o jakichkolwiek naruszeniach prawa, natychmiast usuniemy takie linki.\n<\/p><\/div>\n<div id=\"c2918\" class=\"frame frame-default frame-type-div frame-layout-0\"><\/div>\n<div><\/div>\n<div id=\"c2919\" class=\"frame frame-default frame-type-text frame-layout-0\">\n<header>\n<h3>Prawa autorskie<\/h3>\n<\/header>\n<p>Tre\u015bci i dzie\u0142a stworzone przez operator\u00f3w witryn na tych stronach podlegaj\u0105 niemieckiemu prawu autorskiemu. Powielanie, przetwarzanie, rozpowszechnianie i wszelkiego rodzaju wykorzystywanie poza granicami prawa autorskiego wymaga pisemnej zgody odpowiedniego autora lub tw\u00f3rcy. Pobieranie i kopiowanie tej strony jest dozwolone wy\u0142\u0105cznie do prywatnego, niekomercyjnego u\u017cytku. O ile tre\u015bci na tej stronie nie zosta\u0142y stworzone przez operatora, prawa autorskie os\u00f3b trzecich s\u0105 przestrzegane. W szczeg\u00f3lno\u015bci tre\u015bci os\u00f3b trzecich s\u0105 oznaczone jako takie. Je\u015bli mimo to dowiesz si\u0119 o naruszeniu praw autorskich, poinformuj nas o tym. Je\u015bli dowiemy si\u0119 o jakichkolwiek naruszeniach, niezw\u0142ocznie usuniemy takie tre\u015bci.\n<\/p><\/div>\n<div class=\"row\">\n<div class=\"col-md-6\"><\/div>\n<div class=\"col-md-6\"><\/div>\n<\/div>\n<div class=\"row\">\n<div class=\"col-md-12\">\n<div id=\"c382\" class=\"frame frame-default frame-type-div frame-layout-0\"><\/div>\n<div id=\"c381\" class=\"frame frame-default frame-type-text frame-layout-0\">\n<header>\n<h3>\u0179r\u00f3d\u0142o zdj\u0119\u0107<\/h3>\n<\/header>\n<p>Mapa \u015bwiata:\u00a0<a href=\"https:\/\/www.istockphoto.com\/de\/portfolio\/pingebat?mediatype=illustration\" target=\"_blank\" rel=\"noopener noreferrer\">Pingebat<\/a>,\u00a0<a href=\"https:\/\/www.istockphoto.com\/\" target=\"_blank\" rel=\"noopener noreferrer\">istockphoto.com<\/a><\/div>\n<\/div>\n<\/div>\n\t<\/div>\n<\/div>\n\n\n\n\n\t\t\t<\/div> \n\t\t<\/div>\n\t<\/div> \n<\/div><\/div>\n\t\t<div id=\"fws_69ee7e0bc6a17\"  data-column-margin=\"default\" data-midnight=\"dark\"  class=\"wpb_row vc_row-fluid vc_row\"  style=\"padding-top: 0px; padding-bottom: 0px; \"><div class=\"row-bg-wrap\" data-bg-animation=\"none\" data-bg-animation-delay=\"\" data-bg-overlay=\"false\"><div class=\"inner-wrap row-bg-layer\" ><div class=\"row-bg viewport-desktop\"  style=\"\"><\/div><\/div><\/div><div class=\"row_col_wrap_12 col span_12 dark left\">\n\t<div  class=\"vc_col-sm-12 wpb_column column_container vc_column_container col no-extra-padding inherit_tablet inherit_phone\"  data-padding-pos=\"all\" data-has-bg-color=\"false\" data-bg-color=\"\" data-bg-opacity=\"1\" data-animation=\"\" data-delay=\"0\" >\n\t\t<div class=\"vc_column-inner\" >\n\t\t\t<div class=\"wpb_wrapper\">\n\t\t\t\t\n\t\t<div id=\"fws_69ee7e0bc74a8\"  data-column-margin=\"default\" data-midnight=\"light\" data-top-percent=\"7%\" data-bottom-percent=\"7%\"  class=\"wpb_row vc_row-fluid vc_row full-width-section vc_row-o-equal-height vc_row-flex vc_row-o-content-middle\"  style=\"padding-top: calc(100vw * 0.07); padding-bottom: calc(100vw * 0.07); \"><div class=\"row-bg-wrap\" data-bg-animation=\"none\" data-bg-animation-delay=\"\" data-bg-overlay=\"true\"><div class=\"inner-wrap row-bg-layer using-image\" ><div class=\"row-bg viewport-desktop using-image\"  style=\"background-image: url(https:\/\/wester-mineralien.de\/wp-content\/uploads\/2025\/03\/BAPH_Wester_0125_1350-1-scaled.webp); background-position: center center; background-repeat: no-repeat; \"><\/div><\/div><div class=\"row-bg-overlay row-bg-layer\" style=\"background-color:#0d1328;  opacity: 0.5; \"><\/div><\/div><div class=\"row_col_wrap_12 col span_12 light left\">\n\t<div  class=\"vc_col-sm-4 wpb_column column_container vc_column_container col no-extra-padding force-tablet-text-align-left force-phone-text-align-left inherit_tablet inherit_phone\"  data-padding-pos=\"all\" data-has-bg-color=\"false\" data-bg-color=\"\" data-bg-opacity=\"1\" data-animation=\"\" data-delay=\"0\" >\n\t\t<div class=\"vc_column-inner\" >\n\t\t\t<div class=\"wpb_wrapper\">\n\t\t\t\t<div class=\"nectar-split-heading  text_direction_ltr\" data-align=\"left\" data-m-align=\"left\" data-text-effect=\"none\" data-animation-type=\"line-reveal-by-space\" data-animation-delay=\"0\" data-animation-offset=\"\" data-m-rm-animation=\"\" data-stagger=\"\" data-custom-font-size=\"false\" ><h3 >NASZE CERTYFIKATY<\/h3><\/div>\n\t\t\t<\/div> \n\t\t<\/div>\n\t<\/div> \n\n\t<div  class=\"vc_col-sm-8 wpb_column column_container vc_column_container col padding-2-percent force-tablet-text-align-left force-phone-text-align-left inherit_tablet no-extra-padding_phone\"  data-padding-pos=\"left\" data-has-bg-color=\"false\" data-bg-color=\"\" data-bg-opacity=\"1\" data-animation=\"\" data-delay=\"0\" >\n\t\t<div class=\"vc_column-inner\" >\n\t\t\t<div class=\"wpb_wrapper\">\n\t\t\t\t\n<div class=\"wpb_text_column wpb_content_element  text_direction_ltr\" >\n\t<div class=\"wpb_wrapper\">\n\t\t<p style=\"text-align: left;\"><span style=\"font-weight: 400;\">nasze zobowi\u0105zanie do niezawodnej jako\u015bci i certyfikowanych standard\u00f3w w przetw\u00f3rstwie ziarna mineralnego.<\/span><\/p>\n\t<\/div>\n<\/div>\n\n\n\n\n\t\t\t<\/div> \n\t\t<\/div>\n\t<\/div> \n<\/div><\/div>\n\t\t<div id=\"fws_69ee7e0bc7aff\"  data-column-margin=\"default\" data-midnight=\"light\" data-top-percent=\"7%\" data-bottom-percent=\"7%\"  class=\"wpb_row vc_row-fluid vc_row full-width-section\"  style=\"padding-top: calc(100vw * 0.07); padding-bottom: calc(100vw * 0.07); \"><div class=\"row-bg-wrap\" data-bg-animation=\"none\" data-bg-animation-delay=\"\" data-bg-overlay=\"false\"><div class=\"inner-wrap row-bg-layer\" ><div class=\"row-bg viewport-desktop using-bg-color\"  style=\"background-color: #24303c; \"><\/div><\/div><\/div><div class=\"row_col_wrap_12 col span_12 light left\">\n\t<div  class=\"vc_col-sm-2\/5 wpb_column column_container vc_column_container col no-extra-padding el_spacing_20px inherit_tablet inherit_phone\"  data-padding-pos=\"all\" data-has-bg-color=\"false\" data-bg-color=\"\" data-bg-opacity=\"1\" data-animation=\"\" data-delay=\"0\" >\n\t\t<div class=\"vc_column-inner\" >\n\t\t\t<div class=\"wpb_wrapper\">\n\t\t\t\t<div class=\"nectar-split-heading\" data-align=\"default\" data-m-align=\"inherit\" data-text-effect=\"default\" data-animation-type=\"line-reveal-by-space\" data-animation-delay=\"0\" data-animation-offset=\"\" data-m-rm-animation=\"\" data-stagger=\"\" data-custom-font-size=\"false\" ><h3 >KARIERA<\/h3><\/div>\n<div class=\"wpb_text_column wpb_content_element\" >\n\t<div class=\"wpb_wrapper\">\n\t\t<p><strong>Do\u0142\u0105cz do Wester!<br \/>\n<\/strong>Jako lider innowacji w \u015bwiecie minera\u0142\u00f3w przemys\u0142owych opracowujemy rozwi\u0105zania wykraczaj\u0105ce poza standardy. Potrzeba inteligentnych, my\u015bl\u0105cych perspektywicznie ludzi, aby pom\u00f3c nam kszta\u0142towa\u0107 i rozwija\u0107 si\u0119 razem z nami. Do\u0142\u0105cz do naszego zespo\u0142u i pozw\u00f3l, aby Twoje mocne strony mia\u0142y znaczenie!<\/p>\n<p>Do\u0142\u0105cz do naszego zespo\u0142u.<\/p>\n\t<\/div>\n<\/div>\n\n\n\n\n\t<div class=\"wpb_raw_code wpb_raw_html wpb_content_element\" >\n\t\t<div class=\"wpb_wrapper\">\n\t\t\t<div class=\"custom-button-wrapper\">\n  <a href=\"https:\/\/www.wester-mineralien-karriere.de\/\" class=\"custom-button\" target=\"_blank\" rel=\"noopener\">KARIERA<\/a>\n<\/div>\n\t\t<\/div>\n\t<\/div>\n\n\t\t\t<\/div> \n\t\t<\/div>\n\t<\/div> \n\n\t<div  class=\"vc_col-sm-1\/5 vc_hidden-sm vc_hidden-xs wpb_column column_container vc_column_container col no-extra-padding inherit_tablet inherit_phone\"  data-padding-pos=\"all\" data-has-bg-color=\"false\" data-bg-color=\"\" data-bg-opacity=\"1\" data-animation=\"\" data-delay=\"0\" >\n\t\t<div class=\"vc_column-inner\" >\n\t\t\t<div class=\"wpb_wrapper\">\n\t\t\t\t<div class=\"divider-wrap height_phone_10px\" data-alignment=\"default\"><div style=\"padding-top: 200px; padding-bottom: 200px;\"  class=\"divider-vertical nectar-bg-extra-color-1\"><\/div><\/div>\n\t\t\t<\/div> \n\t\t<\/div>\n\t<\/div> \n\n\t<div  class=\"vc_col-sm-2\/5 wpb_column column_container vc_column_container col no-extra-padding inherit_tablet inherit_phone\"  data-padding-pos=\"all\" data-has-bg-color=\"false\" data-bg-color=\"\" data-bg-opacity=\"1\" data-animation=\"\" data-delay=\"0\" >\n\t\t<div class=\"vc_column-inner\" >\n\t\t\t<div class=\"wpb_wrapper\">\n\t\t\t\t\n<div class=\"wpb_text_column wpb_content_element\" >\n\t<div class=\"wpb_wrapper\">\n\t\t<p><strong>Wester Mineralien GmbH<\/strong><br \/>\nHeerstra\u00dfe 41<br \/>\n53347 Alfter-Witterschlick<\/p>\n<p>Telefon: +49 (0) 228 987200<br \/>\ninfo@wester-mineralien.de<br \/>\nwester-mineralien.de<\/p>\n\t<\/div>\n<\/div>\n\n\n\n<div class=\"divider-wrap\" data-alignment=\"default\"><div style=\"margin-top: 12.5px; width: 20%; height: 1px; margin-bottom: 12.5px;\" data-width=\"20%\" data-animate=\"\" data-animation-delay=\"\" data-color=\"extra-color-1\" class=\"divider-small-border\"><\/div><\/div>\n<div class=\"wpb_text_column wpb_content_element\" >\n\t<div class=\"wpb_wrapper\">\n\t\t<p>\u00a92025 Wester Mineralien GmbH<br \/>\n<a href=\"https:\/\/wester-mineralien.de\/pl\/odcisk\/\">Odcisk<\/a> I <a href=\"https:\/\/wester-mineralien.de\/pl\/polityka-prywatnosci\/\">Ochrona danych<\/a> I <a href=\"https:\/\/wester-mineralien.de\/wp-content\/uploads\/2025\/03\/AGB_Wester_Mineralien_05-21.pdf\" target=\"_blank\" rel=\"noopener\">WARUNKI I POSTANOWIENIA<\/a><\/p>\n\t<\/div>\n<\/div>\n\n\n\n\n\t\t\t<\/div> \n\t\t<\/div>\n\t<\/div> \n<\/div><\/div>\n\n\t\t\t<\/div> \n\t\t<\/div>\n\t<\/div> \n<\/div><\/div>","protected":false},"excerpt":{"rendered":"Imprint Informacje zgodnie z \u00a7 5 TMG Wester Mineralien GmbH Heerstra\u00dfe, 41 53347 Alfter-Witterschlick Rejestr handlowy: HRB 5190 S\u0105d rejestrowy: S\u0105d rejonowy w Bonn Reprezentowani przez: Nicola Wester, Max Wester. Kontakt Telefon: +49 (228) - 987200 E-mail: info@wester-mineralien.de...","protected":false},"author":1,"featured_media":0,"parent":0,"menu_order":0,"comment_status":"closed","ping_status":"closed","template":"","meta":{"footnotes":""},"class_list":["post-14","page","type-page","status-publish"],"_links":{"self":[{"href":"https:\/\/wester-mineralien.de\/pl\/wp-json\/wp\/v2\/pages\/14","targetHints":{"allow":["GET"]}}],"collection":[{"href":"https:\/\/wester-mineralien.de\/pl\/wp-json\/wp\/v2\/pages"}],"about":[{"href":"https:\/\/wester-mineralien.de\/pl\/wp-json\/wp\/v2\/types\/page"}],"author":[{"embeddable":true,"href":"https:\/\/wester-mineralien.de\/pl\/wp-json\/wp\/v2\/users\/1"}],"replies":[{"embeddable":true,"href":"https:\/\/wester-mineralien.de\/pl\/wp-json\/wp\/v2\/comments?post=14"}],"version-history":[{"count":5,"href":"https:\/\/wester-mineralien.de\/pl\/wp-json\/wp\/v2\/pages\/14\/revisions"}],"predecessor-version":[{"id":542,"href":"https:\/\/wester-mineralien.de\/pl\/wp-json\/wp\/v2\/pages\/14\/revisions\/542"}],"wp:attachment":[{"href":"https:\/\/wester-mineralien.de\/pl\/wp-json\/wp\/v2\/media?parent=14"}],"curies":[{"name":"wp","href":"https:\/\/api.w.org\/{rel}","templated":true}]}}