{"id":258,"date":"2025-03-10T10:30:35","date_gmt":"2025-03-10T10:30:35","guid":{"rendered":"http:\/\/neu.wester-mineralien.de\/?page_id=258"},"modified":"2025-06-02T13:39:12","modified_gmt":"2025-06-02T13:39:12","slug":"locations","status":"publish","type":"page","link":"https:\/\/wester-mineralien.de\/en\/standorte","title":{"rendered":"Locations"},"content":{"rendered":"<div id=\"fws_69ee7b9c41b98\"  data-column-margin=\"default\" data-midnight=\"light\" data-top-percent=\"10%\" data-bottom-percent=\"5%\"  class=\"wpb_row vc_row-fluid vc_row full-width-section parallax_section mobile-disable-bg-image-animation\"  style=\"padding-top: calc(100vw * 0.10); padding-bottom: calc(100vw * 0.05); \"><div class=\"row-bg-wrap\" data-bg-animation=\"zoom-out\" data-bg-animation-delay=\"\" data-bg-overlay=\"true\"><div class=\"inner-wrap row-bg-layer using-image\" ><div class=\"row-bg viewport-desktop using-image using-bg-color\" data-parallax-speed=\"medium_fast\" style=\"background-image: url(https:\/\/wester-mineralien.de\/wp-content\/uploads\/2025\/03\/wester.png); background-position: center center; background-repeat: no-repeat; background-color: #000000; \"><\/div><\/div><div class=\"row-bg-overlay row-bg-layer\" style=\"background: #0b121f; background: linear-gradient(135deg,#0b121f 0%,rgba(0,0,0,0.01) 100%);  opacity: 0.5; \"><\/div><\/div><div class=\"row_col_wrap_12 col span_12 light left\">\n\t<div  class=\"vc_col-sm-12 wpb_column column_container vc_column_container col\"  data-padding-pos=\"all\" data-has-bg-color=\"false\" data-bg-color=\"\" data-bg-opacity=\"1\" data-animation=\"\" data-delay=\"0\" >\n\t\t<div class=\"vc_column-inner\" >\n\t\t\t<div class=\"wpb_wrapper\">\n\t\t\t\t<div id=\"fws_69ee7b9c4245c\" data-midnight=\"\" data-column-margin=\"10px\" class=\"wpb_row vc_row-fluid vc_row inner_row vc_row-o-equal-height vc_row-flex vc_row-o-content-bottom right_padding_15pct right_padding_phone_0px\"  style=\"\"><div class=\"row-bg-wrap\"> <div class=\"row-bg\" ><\/div> <\/div><div class=\"row_col_wrap_12_inner col span_12  left\">\n\t<div  class=\"vc_col-sm-12 wpb_column column_container vc_column_container col child_column right_padding_desktop_15pct right_padding_tablet_50pct right_padding_phone_15pct\"   data-padding-pos=\"all\" data-has-bg-color=\"false\" data-bg-color=\"\" data-bg-opacity=\"1\" data-animation=\"\" data-delay=\"0\" >\n\t\t<div class=\"vc_column-inner\" >\n\t\t<div class=\"wpb_wrapper\">\n\t\t\t<div class=\"nectar-split-heading\" data-align=\"default\" data-m-align=\"inherit\" data-text-effect=\"none\" data-animation-type=\"line-reveal-by-space\" data-animation-delay=\"0\" data-animation-offset=\"\" data-m-rm-animation=\"\" data-stagger=\"\" data-custom-font-size=\"false\" ><h1 >Wester Mineralien \u2013 a Global Player<\/h1><\/div>\n\t\t<\/div> \n\t<\/div>\n\t<\/div> \n<\/div><\/div>\n\t\t\t<\/div> \n\t\t<\/div>\n\t<\/div> \n<\/div><\/div>\n\t\t<div id=\"fws_69ee7b9c42a00\"  data-column-margin=\"default\" data-midnight=\"dark\" data-top-percent=\"6%\"  class=\"wpb_row vc_row-fluid vc_row\"  style=\"padding-top: calc(100vw * 0.06); padding-bottom: 0px; \"><div class=\"row-bg-wrap\" data-bg-animation=\"none\" data-bg-animation-delay=\"\" data-bg-overlay=\"false\"><div class=\"inner-wrap row-bg-layer\" ><div class=\"row-bg viewport-desktop\"  style=\"\"><\/div><\/div><\/div><div class=\"row_col_wrap_12 col span_12 dark left\">\n\t<div  class=\"vc_col-sm-12 wpb_column column_container vc_column_container col no-extra-padding inherit_tablet inherit_phone\"  data-padding-pos=\"all\" data-has-bg-color=\"false\" data-bg-color=\"\" data-bg-opacity=\"1\" data-animation=\"\" data-delay=\"0\" >\n\t\t<div class=\"vc_column-inner\" >\n\t\t\t<div class=\"wpb_wrapper\">\n\t\t\t\t<div id=\"fws_69ee7b9c42ce0\" data-midnight=\"\" data-column-margin=\"default\" class=\"wpb_row vc_row-fluid vc_row inner_row vc_row-o-equal-height vc_row-flex vc_row-o-content-middle\"  style=\"\"><div class=\"row-bg-wrap\"> <div class=\"row-bg\" ><\/div> <\/div><div class=\"row_col_wrap_12_inner col span_12  left\">\n\t<div  class=\"vc_col-sm-8 wpb_column column_container vc_column_container col child_column no-extra-padding inherit_tablet inherit_phone\"   data-padding-pos=\"all\" data-has-bg-color=\"false\" data-bg-color=\"\" data-bg-opacity=\"1\" data-animation=\"\" data-delay=\"0\" >\n\t\t<div class=\"vc_column-inner\" >\n\t\t<div class=\"wpb_wrapper\">\n\t\t\t<div class=\"nectar-split-heading\" data-align=\"default\" data-m-align=\"inherit\" data-text-effect=\"default\" data-animation-type=\"line-reveal-by-space\" data-animation-delay=\"0\" data-animation-offset=\"\" data-m-rm-animation=\"\" data-stagger=\"\" data-custom-font-size=\"false\" ><h2 >Advice and delivery from two locations<\/h2><\/div>\n<div class=\"wpb_text_column wpb_content_element\" >\n\t<div class=\"wpb_wrapper\">\n\t\t<p>Wester Mineralien is a global company with production sites in Germany and Poland.<\/p>\n<p>Due to the relative proximity of our German Headquarters works in the finishing as well as in the distribution closely with Polmineral in \u0141\u00f3d\u017a, Poland.<\/p>\n\t<\/div>\n<\/div>\n\n\n\n\n\t\t<\/div> \n\t<\/div>\n\t<\/div> \n\n\t<div  class=\"vc_col-sm-4 wpb_column column_container vc_column_container col child_column centered-text no-extra-padding el_spacing_30px top_margin_phone_7pct inherit_tablet inherit_phone\"   data-padding-pos=\"all\" data-has-bg-color=\"false\" data-bg-color=\"\" data-bg-opacity=\"1\" data-animation=\"\" data-delay=\"0\" >\n\t\t<div class=\"vc_column-inner\" >\n\t\t<div class=\"wpb_wrapper\">\n\t\t\t<div class=\"img-with-aniamtion-wrap  custom-width-60pct\" data-max-width=\"custom\" data-max-width-mobile=\"default\" data-shadow=\"none\" data-animation=\"none\" >\n      <div class=\"inner\">\n        <div class=\"hover-wrap\"> \n          <div class=\"hover-wrap-inner\">\n            <img loading=\"lazy\" decoding=\"async\" class=\"img-with-animation skip-lazy\" data-delay=\"0\" height=\"4016\" width=\"11557\" data-animation=\"none\" src=\"https:\/\/wester-mineralien.de\/wp-content\/uploads\/2025\/02\/WESTER_Logo_Wort-Bildmarke.png\" alt=\"\" srcset=\"https:\/\/wester-mineralien.de\/wp-content\/uploads\/2025\/02\/WESTER_Logo_Wort-Bildmarke.png 11557w, https:\/\/wester-mineralien.de\/wp-content\/uploads\/2025\/02\/WESTER_Logo_Wort-Bildmarke-300x104.png 300w, https:\/\/wester-mineralien.de\/wp-content\/uploads\/2025\/02\/WESTER_Logo_Wort-Bildmarke-1024x356.png 1024w, https:\/\/wester-mineralien.de\/wp-content\/uploads\/2025\/02\/WESTER_Logo_Wort-Bildmarke-768x267.png 768w, https:\/\/wester-mineralien.de\/wp-content\/uploads\/2025\/02\/WESTER_Logo_Wort-Bildmarke-1536x534.png 1536w, https:\/\/wester-mineralien.de\/wp-content\/uploads\/2025\/02\/WESTER_Logo_Wort-Bildmarke-2048x712.png 2048w\" sizes=\"auto, (max-width: 11557px) 100vw, 11557px\" \/>\n          <\/div>\n        <\/div>\n      <\/div>\n    <\/div><div class=\"img-with-aniamtion-wrap  custom-width-60pct\" data-max-width=\"custom\" data-max-width-mobile=\"default\" data-shadow=\"none\" data-animation=\"none\" >\n      <div class=\"inner\">\n        <div class=\"hover-wrap\"> \n          <div class=\"hover-wrap-inner\">\n            <img loading=\"lazy\" decoding=\"async\" class=\"img-with-animation skip-lazy\" data-delay=\"0\" height=\"890\" width=\"2560\" data-animation=\"none\" src=\"https:\/\/wester-mineralien.de\/wp-content\/uploads\/2025\/03\/WESTER_Logo_Polen_Wort-Bildmarke-Polen-scaled.webp\" alt=\"\" srcset=\"https:\/\/wester-mineralien.de\/wp-content\/uploads\/2025\/03\/WESTER_Logo_Polen_Wort-Bildmarke-Polen-scaled.webp 2560w, https:\/\/wester-mineralien.de\/wp-content\/uploads\/2025\/03\/WESTER_Logo_Polen_Wort-Bildmarke-Polen-300x104.webp 300w, https:\/\/wester-mineralien.de\/wp-content\/uploads\/2025\/03\/WESTER_Logo_Polen_Wort-Bildmarke-Polen-1024x356.webp 1024w, https:\/\/wester-mineralien.de\/wp-content\/uploads\/2025\/03\/WESTER_Logo_Polen_Wort-Bildmarke-Polen-768x267.webp 768w, https:\/\/wester-mineralien.de\/wp-content\/uploads\/2025\/03\/WESTER_Logo_Polen_Wort-Bildmarke-Polen-1536x534.webp 1536w, https:\/\/wester-mineralien.de\/wp-content\/uploads\/2025\/03\/WESTER_Logo_Polen_Wort-Bildmarke-Polen-2048x712.webp 2048w\" sizes=\"auto, (max-width: 2560px) 100vw, 2560px\" \/>\n          <\/div>\n        <\/div>\n      <\/div>\n    <\/div>\n\t\t<\/div> \n\t<\/div>\n\t<\/div> \n<\/div><\/div>\n\t\t\t<\/div> \n\t\t<\/div>\n\t<\/div> \n<\/div><\/div>\n\t\t<div id=\"fws_69ee7b9c4522c\"  data-column-margin=\"default\" data-midnight=\"dark\" data-top-percent=\"5%\" data-bottom-percent=\"5%\"  class=\"wpb_row vc_row-fluid vc_row full-width-section\"  style=\"padding-top: calc(100vw * 0.05); padding-bottom: calc(100vw * 0.05); \"><div class=\"row-bg-wrap\" data-bg-animation=\"none\" data-bg-animation-delay=\"\" data-bg-overlay=\"false\"><div class=\"inner-wrap row-bg-layer\" ><div class=\"row-bg viewport-desktop using-bg-color\"  style=\"background-color: #ffffff; \"><\/div><\/div><\/div><div class=\"row_col_wrap_12 col span_12 dark left\">\n\t<div  class=\"vc_col-sm-12 wpb_column column_container vc_column_container col padding-11-percent inherit_tablet inherit_phone\"  data-padding-pos=\"left-right\" data-has-bg-color=\"false\" data-bg-color=\"\" data-bg-opacity=\"1\" data-animation=\"\" data-delay=\"0\" >\n\t\t<div class=\"vc_column-inner\" >\n\t\t\t<div class=\"wpb_wrapper\">\n\t\t\t\t<div id=\"fws_69ee7b9c45757\" data-midnight=\"\" data-column-margin=\"default\" class=\"wpb_row vc_row-fluid vc_row inner_row\"  style=\"\"><div class=\"row-bg-wrap\"> <div class=\"row-bg\" ><\/div> <\/div><div class=\"row_col_wrap_12_inner col span_12  left\">\n\t<div  class=\"vc_col-sm-12 wpb_column column_container vc_column_container col child_column no-extra-padding inherit_tablet inherit_phone\"   data-padding-pos=\"all\" data-has-bg-color=\"false\" data-bg-color=\"\" data-bg-opacity=\"1\" data-animation=\"\" data-delay=\"0\" >\n\t\t<div class=\"vc_column-inner\" >\n\t\t<div class=\"wpb_wrapper\">\n\t\t\t<div class=\"nectar_image_with_hotspots\" data-stlye=\"color_pulse\" data-hotspot-icon=\"plus_sign\" data-size=\"medium\" data-color=\"extra-color-1\" data-tooltip-func=\"hover\" data-tooltip_shadow=\"large_depth\" data-animation=\"true\"><img loading=\"lazy\" decoding=\"async\" width=\"1366\" height=\"768\" src=\"https:\/\/wester-mineralien.de\/wp-content\/uploads\/2025\/03\/Map.webp\" class=\"attachment-full size-full\" alt=\"\" srcset=\"https:\/\/wester-mineralien.de\/wp-content\/uploads\/2025\/03\/Map.webp 1366w, https:\/\/wester-mineralien.de\/wp-content\/uploads\/2025\/03\/Map-300x169.webp 300w, https:\/\/wester-mineralien.de\/wp-content\/uploads\/2025\/03\/Map-1024x576.webp 1024w, https:\/\/wester-mineralien.de\/wp-content\/uploads\/2025\/03\/Map-768x432.webp 768w\" sizes=\"auto, (max-width: 1366px) 100vw, 1366px\" \/><div class=\"nectar_hotspot_wrap\" style=\"top: 22.1961%; left: 44.856%;\"><div class=\"nectar_hotspot\"><span><\/span><\/div><div class=\"nttip\" data-tooltip-position=\"bottom\"><div class=\"inner\">\n<h5 style=\"color: #d2b773\">Wester Mineralien GmbH<\/h5>\n<p>Military Road 41 53347 Alfter-Witterschlick Tel.: +49 (228) \u2013 987200 E-mail: sales@wester-mineralien.de<\/div><\/div><\/div><div class=\"nectar_hotspot_wrap\" style=\"top: 20.1021%; left: 48.6088%;\"><div class=\"nectar_hotspot\"><span><\/span><\/div><div class=\"nttip\" data-tooltip-position=\"bottom\"><div class=\"inner\">\n<h5 style=\"color: #d2b773\">Wester Polmineral<\/h5>\n<p>Polmineral Sp. z o. o. ul. Zgierska 51 95-070 Aleksandr\u00f3w \u0141\u00f3dzki, Poland Tel.: +48 42 712 42 00 E-mail: info@polmineral.com.pl Web: www.polmineral.pl<\/div><\/div><\/div><\/div>\n\t\t<\/div> \n\t<\/div>\n\t<\/div> \n<\/div><\/div>\n\t\t\t<\/div> \n\t\t<\/div>\n\t<\/div> \n<\/div><\/div>\n\t\t<div id=\"fws_69ee7b9c468f4\"  data-column-margin=\"default\" data-midnight=\"dark\" data-top-percent=\"3%\" data-bottom-percent=\"7%\"  class=\"wpb_row vc_row-fluid vc_row full-width-section vc_row-o-equal-height vc_row-flex\"  style=\"padding-top: calc(100vw * 0.03); padding-bottom: calc(100vw * 0.07); \"><div class=\"row-bg-wrap\" data-bg-animation=\"none\" data-bg-animation-delay=\"\" data-bg-overlay=\"false\"><div class=\"inner-wrap row-bg-layer\" ><div class=\"row-bg viewport-desktop using-bg-color\"  style=\"background-color: #ffffff; \"><\/div><\/div><\/div><div class=\"row_col_wrap_12 col span_12 dark left\">\n\t<div  class=\"vc_col-sm-12 wpb_column column_container vc_column_container col no-extra-padding inherit_tablet inherit_phone\"  data-padding-pos=\"all\" data-has-bg-color=\"false\" data-bg-color=\"\" data-bg-opacity=\"1\" data-animation=\"\" data-delay=\"0\" >\n\t\t<div class=\"vc_column-inner\" >\n\t\t\t<div class=\"wpb_wrapper\">\n\t\t\t\t<div class=\"nectar-split-heading\" data-align=\"default\" data-m-align=\"inherit\" data-text-effect=\"default\" data-animation-type=\"line-reveal-by-space\" data-animation-delay=\"0\" data-animation-offset=\"\" data-m-rm-animation=\"\" data-stagger=\"\" data-custom-font-size=\"false\" ><h2 >We are networked<\/h2><\/div>\t\n\t\t\n\t<div class=\"clients no-carousel four-cols\" data-he=\"greyscale_to_color\" data-additional_padding=\"4\">\n\t\t\t<div><a href=\"https:\/\/www.difk.de\/de\/\" target=\"_blank\" rel=\"noopener\">\n\t\t<img loading=\"lazy\" decoding=\"async\" src=\"https:\/\/wester-mineralien.de\/wp-content\/uploads\/2025\/03\/logo-difk.png\" alt=\"client\" width=\"600\" height=\"169\" \/>\t<\/a><\/div>\n\t<div><a href=\"https:\/\/www.gimexport.com\/\" target=\"_blank\" rel=\"noopener\">\n\t\t<img loading=\"lazy\" decoding=\"async\" src=\"https:\/\/wester-mineralien.de\/wp-content\/uploads\/2025\/03\/gim_export_group_gmbh_co_kg_logo.jpeg\" alt=\"client\" width=\"200\" height=\"200\" \/>\t<\/a><\/div>\n\t<div><a href=\"https:\/\/tzuriel.com.br\/ingles\/index.htm\" target=\"_blank\" rel=\"noopener\">\n\t\t<img loading=\"lazy\" decoding=\"async\" src=\"https:\/\/wester-mineralien.de\/wp-content\/uploads\/2025\/03\/tzuriel.png\" alt=\"client\" width=\"292\" height=\"172\" \/>\t<\/a><\/div>\n\t<div><a href=\"https:\/\/4nes.com\/\" target=\"_blank\" rel=\"noopener\">\n\t\t<img loading=\"lazy\" decoding=\"async\" src=\"https:\/\/wester-mineralien.de\/wp-content\/uploads\/2025\/03\/4nes_logo_aktuell_klein.png\" alt=\"client\" width=\"500\" height=\"136\" \/>\t<\/a><\/div>\n\t<div><a href=\"https:\/\/www.clemco.dk\/\" target=\"_blank\" rel=\"noopener\">\n\t\t<img loading=\"lazy\" decoding=\"async\" src=\"https:\/\/wester-mineralien.de\/wp-content\/uploads\/2025\/03\/clemco-e1741602070708.jpg\" alt=\"client\" width=\"900\" height=\"384\" \/>\t<\/a><\/div>\n\t<div><a href=\"https:\/\/www.fgk-keramik.de\/\" target=\"_blank\" rel=\"noopener\">\n\t\t<img loading=\"lazy\" decoding=\"async\" src=\"https:\/\/wester-mineralien.de\/wp-content\/uploads\/2025\/03\/FGK_logo_solo.jpg\" alt=\"client\" width=\"1183\" height=\"406\" \/>\t<\/a><\/div>\n\t<div><a href=\"https:\/\/www.beckman.de\/\" target=\"_blank\" rel=\"noopener\">\n\t\t<img loading=\"lazy\" decoding=\"async\" src=\"https:\/\/wester-mineralien.de\/wp-content\/uploads\/2025\/03\/beckman.webp\" alt=\"client\" width=\"950\" height=\"591\" \/>\t<\/a><\/div>\n\t<div><a href=\"https:\/\/wzr-ceramic.de\/\" target=\"_blank\" rel=\"noopener\">\n\t\t<img loading=\"lazy\" decoding=\"async\" src=\"https:\/\/wester-mineralien.de\/wp-content\/uploads\/2025\/03\/wzr_2021.png\" alt=\"client\" width=\"560\" height=\"179\" \/>\t<\/a><\/div>\n\t<div><a href=\"https:\/\/chemquest.com\/\" target=\"_blank\" rel=\"noopener\">\n\t\t<img loading=\"lazy\" decoding=\"async\" src=\"https:\/\/wester-mineralien.de\/wp-content\/uploads\/2025\/03\/ChemQuest.jpg\" alt=\"client\" width=\"1237\" height=\"393\" \/>\t<\/a><\/div>\n\t<div><a href=\"https:\/\/www.spedition-hoss.de\/\" target=\"_blank\" rel=\"noopener\">\n\t\t<img loading=\"lazy\" decoding=\"async\" src=\"https:\/\/wester-mineralien.de\/wp-content\/uploads\/2025\/03\/logo-hoss.png\" alt=\"client\" width=\"800\" height=\"265\" \/>\t<\/a><\/div>\n\t<div><a href=\"https:\/\/www.still.de\/\" target=\"_blank\" rel=\"noopener\">\n\t\t<img loading=\"lazy\" decoding=\"async\" src=\"https:\/\/wester-mineralien.de\/wp-content\/uploads\/2025\/03\/still.png\" alt=\"client\" width=\"1299\" height=\"364\" \/>\t<\/a><\/div>\n\t<\/div>\n\t\n\n\t\t\t<\/div> \n\t\t<\/div>\n\t<\/div> \n<\/div><\/div>\n\t\t<div id=\"fws_69ee7b9c49bbc\"  data-column-margin=\"default\" data-midnight=\"dark\"  class=\"wpb_row vc_row-fluid vc_row\"  style=\"padding-top: 0px; padding-bottom: 0px; \"><div class=\"row-bg-wrap\" data-bg-animation=\"none\" data-bg-animation-delay=\"\" data-bg-overlay=\"false\"><div class=\"inner-wrap row-bg-layer\" ><div class=\"row-bg viewport-desktop\"  style=\"\"><\/div><\/div><\/div><div class=\"row_col_wrap_12 col span_12 dark left\">\n\t<div  class=\"vc_col-sm-12 wpb_column column_container vc_column_container col no-extra-padding inherit_tablet inherit_phone\"  data-padding-pos=\"all\" data-has-bg-color=\"false\" data-bg-color=\"\" data-bg-opacity=\"1\" data-animation=\"\" data-delay=\"0\" >\n\t\t<div class=\"vc_column-inner\" >\n\t\t\t<div class=\"wpb_wrapper\">\n\t\t\t\t\n\t\t<div id=\"fws_69ee7b9c4abbe\"  data-column-margin=\"default\" data-midnight=\"light\" data-top-percent=\"7%\" data-bottom-percent=\"7%\"  class=\"wpb_row vc_row-fluid vc_row full-width-section vc_row-o-equal-height vc_row-flex vc_row-o-content-middle\"  style=\"padding-top: calc(100vw * 0.07); padding-bottom: calc(100vw * 0.07); \"><div class=\"row-bg-wrap\" data-bg-animation=\"none\" data-bg-animation-delay=\"\" data-bg-overlay=\"true\"><div class=\"inner-wrap row-bg-layer using-image\" ><div class=\"row-bg viewport-desktop using-image\"  style=\"background-image: url(https:\/\/wester-mineralien.de\/wp-content\/uploads\/2025\/03\/BAPH_Wester_0125_1350-1-scaled.webp); background-position: center center; background-repeat: no-repeat; \"><\/div><\/div><div class=\"row-bg-overlay row-bg-layer\" style=\"background-color:#0d1328;  opacity: 0.5; \"><\/div><\/div><div class=\"row_col_wrap_12 col span_12 light left\">\n\t<div  class=\"vc_col-sm-4 wpb_column column_container vc_column_container col no-extra-padding force-tablet-text-align-left force-phone-text-align-left inherit_tablet inherit_phone\"  data-padding-pos=\"all\" data-has-bg-color=\"false\" data-bg-color=\"\" data-bg-opacity=\"1\" data-animation=\"\" data-delay=\"0\" >\n\t\t<div class=\"vc_column-inner\" >\n\t\t\t<div class=\"wpb_wrapper\">\n\t\t\t\t<div class=\"nectar-split-heading  text_direction_ltr\" data-align=\"left\" data-m-align=\"left\" data-text-effect=\"none\" data-animation-type=\"line-reveal-by-space\" data-animation-delay=\"0\" data-animation-offset=\"\" data-m-rm-animation=\"\" data-stagger=\"\" data-custom-font-size=\"false\" ><h3 >OUR CERTIFICATIONS<\/h3><\/div>\n\t\t\t<\/div> \n\t\t<\/div>\n\t<\/div> \n\n\t<div  class=\"vc_col-sm-8 wpb_column column_container vc_column_container col padding-2-percent force-tablet-text-align-left force-phone-text-align-left inherit_tablet no-extra-padding_phone\"  data-padding-pos=\"left\" data-has-bg-color=\"false\" data-bg-color=\"\" data-bg-opacity=\"1\" data-animation=\"\" data-delay=\"0\" >\n\t\t<div class=\"vc_column-inner\" >\n\t\t\t<div class=\"wpb_wrapper\">\n\t\t\t\t\n<div class=\"wpb_text_column wpb_content_element  text_direction_ltr\" >\n\t<div class=\"wpb_wrapper\">\n\t\t<p style=\"text-align: left;\"><span style=\"font-weight: 400;\">ISO 9001:2015 \u2013 our commitment to reliable quality and certified standards in mineral grain processing.<\/span><\/p>\n\t<\/div>\n<\/div>\n\n\n\n\n\t\t\t<\/div> \n\t\t<\/div>\n\t<\/div> \n<\/div><\/div>\n\t\t<div id=\"fws_69ee7b9c4b51b\"  data-column-margin=\"default\" data-midnight=\"light\" data-top-percent=\"7%\" data-bottom-percent=\"7%\"  class=\"wpb_row vc_row-fluid vc_row full-width-section\"  style=\"padding-top: calc(100vw * 0.07); padding-bottom: calc(100vw * 0.07); \"><div class=\"row-bg-wrap\" data-bg-animation=\"none\" data-bg-animation-delay=\"\" data-bg-overlay=\"false\"><div class=\"inner-wrap row-bg-layer\" ><div class=\"row-bg viewport-desktop using-bg-color\"  style=\"background-color: #24303c; \"><\/div><\/div><\/div><div class=\"row_col_wrap_12 col span_12 light left\">\n\t<div  class=\"vc_col-sm-2\/5 wpb_column column_container vc_column_container col no-extra-padding el_spacing_20px inherit_tablet inherit_phone\"  data-padding-pos=\"all\" data-has-bg-color=\"false\" data-bg-color=\"\" data-bg-opacity=\"1\" data-animation=\"\" data-delay=\"0\" >\n\t\t<div class=\"vc_column-inner\" >\n\t\t\t<div class=\"wpb_wrapper\">\n\t\t\t\t<div class=\"nectar-split-heading\" data-align=\"default\" data-m-align=\"inherit\" data-text-effect=\"default\" data-animation-type=\"line-reveal-by-space\" data-animation-delay=\"0\" data-animation-offset=\"\" data-m-rm-animation=\"\" data-stagger=\"\" data-custom-font-size=\"false\" ><h3 >CAREER<\/h3><\/div>\n<div class=\"wpb_text_column wpb_content_element\" >\n\t<div class=\"wpb_wrapper\">\n\t\t<p><strong>Become a part of Wester!<br \/>\n<\/strong>As a leader in innovation in the world of industrial minerals, we develop solutions that go beyond standards. It takes smart, forward-thinking people to help shape and grow with us. Become part of our team and let your strengths make a difference!<\/p>\n<p>Join our Team.<\/p>\n\t<\/div>\n<\/div>\n\n\n\n\n\t<div class=\"wpb_raw_code wpb_raw_html wpb_content_element\" >\n\t\t<div class=\"wpb_wrapper\">\n\t\t\t<div class=\"custom-button-wrapper\">\n  <a href=\"https:\/\/www.wester-mineralien-karriere.de\/\" class=\"custom-button\" target=\"_blank\" rel=\"noopener\">CAREER<\/a>\n<\/div>\n\t\t<\/div>\n\t<\/div>\n\n\t\t\t<\/div> \n\t\t<\/div>\n\t<\/div> \n\n\t<div  class=\"vc_col-sm-1\/5 vc_hidden-sm vc_hidden-xs wpb_column column_container vc_column_container col no-extra-padding inherit_tablet inherit_phone\"  data-padding-pos=\"all\" data-has-bg-color=\"false\" data-bg-color=\"\" data-bg-opacity=\"1\" data-animation=\"\" data-delay=\"0\" >\n\t\t<div class=\"vc_column-inner\" >\n\t\t\t<div class=\"wpb_wrapper\">\n\t\t\t\t<div class=\"divider-wrap height_phone_10px\" data-alignment=\"default\"><div style=\"padding-top: 200px; padding-bottom: 200px;\"  class=\"divider-vertical nectar-bg-extra-color-1\"><\/div><\/div>\n\t\t\t<\/div> \n\t\t<\/div>\n\t<\/div> \n\n\t<div  class=\"vc_col-sm-2\/5 wpb_column column_container vc_column_container col no-extra-padding inherit_tablet inherit_phone\"  data-padding-pos=\"all\" data-has-bg-color=\"false\" data-bg-color=\"\" data-bg-opacity=\"1\" data-animation=\"\" data-delay=\"0\" >\n\t\t<div class=\"vc_column-inner\" >\n\t\t\t<div class=\"wpb_wrapper\">\n\t\t\t\t\n<div class=\"wpb_text_column wpb_content_element\" >\n\t<div class=\"wpb_wrapper\">\n\t\t<p><strong>Wester Mineralien GmbH<\/strong><br \/>\nHeerstra\u00dfe 41<br \/>\n53347 Alfter-Witterschlick<\/p>\n<p>Phone: +49 (0) 228 987200<br \/>\ninfo@wester-mineralien.de<br \/>\nwester-mineralien.de<\/p>\n\t<\/div>\n<\/div>\n\n\n\n<div class=\"divider-wrap\" data-alignment=\"default\"><div style=\"margin-top: 12.5px; width: 20%; height: 1px; margin-bottom: 12.5px;\" data-width=\"20%\" data-animate=\"\" data-animation-delay=\"\" data-color=\"extra-color-1\" class=\"divider-small-border\"><\/div><\/div>\n<div class=\"wpb_text_column wpb_content_element\" >\n\t<div class=\"wpb_wrapper\">\n\t\t<p>\u00a92025 Wester Mineralien GmbH<br \/>\n<a href=\"https:\/\/wester-mineralien.de\/en\/imprint\/\">Imprint<\/a> I <a href=\"https:\/\/wester-mineralien.de\/en\/privacy-policy\/\">Privacy<\/a> I <a href=\"https:\/\/wester-mineralien.de\/wp-content\/uploads\/2025\/03\/AGB_Wester_Mineralien_05-21.pdf\" target=\"_blank\" rel=\"noopener\">Terms and conditions<\/a><\/p>\n\t<\/div>\n<\/div>\n\n\n\n\n\t\t\t<\/div> \n\t\t<\/div>\n\t<\/div> \n<\/div><\/div>\n\n\t\t\t<\/div> \n\t\t<\/div>\n\t<\/div> \n<\/div><\/div>","protected":false},"excerpt":{"rendered":"Wester Mineralien - a global player Consulting and supply from two locations Wester Mineralien is an internationally operating company with production sites in Germany and Poland. Due to the relative geographical...","protected":false},"author":1,"featured_media":0,"parent":0,"menu_order":0,"comment_status":"closed","ping_status":"closed","template":"","meta":{"footnotes":""},"class_list":["post-258","page","type-page","status-publish"],"_links":{"self":[{"href":"https:\/\/wester-mineralien.de\/en\/wp-json\/wp\/v2\/pages\/258","targetHints":{"allow":["GET"]}}],"collection":[{"href":"https:\/\/wester-mineralien.de\/en\/wp-json\/wp\/v2\/pages"}],"about":[{"href":"https:\/\/wester-mineralien.de\/en\/wp-json\/wp\/v2\/types\/page"}],"author":[{"embeddable":true,"href":"https:\/\/wester-mineralien.de\/en\/wp-json\/wp\/v2\/users\/1"}],"replies":[{"embeddable":true,"href":"https:\/\/wester-mineralien.de\/en\/wp-json\/wp\/v2\/comments?post=258"}],"version-history":[{"count":26,"href":"https:\/\/wester-mineralien.de\/en\/wp-json\/wp\/v2\/pages\/258\/revisions"}],"predecessor-version":[{"id":702,"href":"https:\/\/wester-mineralien.de\/en\/wp-json\/wp\/v2\/pages\/258\/revisions\/702"}],"wp:attachment":[{"href":"https:\/\/wester-mineralien.de\/en\/wp-json\/wp\/v2\/media?parent=258"}],"curies":[{"name":"wp","href":"https:\/\/api.w.org\/{rel}","templated":true}]}}